{"id":2676,"date":"2022-01-05T14:39:24","date_gmt":"2022-01-05T13:39:24","guid":{"rendered":"http:\/\/kornweih.net\/?page_id=2676"},"modified":"2023-06-22T16:18:27","modified_gmt":"2023-06-22T14:18:27","slug":"freizeitbedingungen","status":"publish","type":"page","link":"https:\/\/www.cvjm-stederdorf.de\/?page_id=2676","title":{"rendered":"Freizeitbedingungen"},"content":{"rendered":"\t\t<div data-elementor-type=\"wp-page\" data-elementor-id=\"2676\" class=\"elementor elementor-2676\" data-elementor-post-type=\"page\">\n\t\t\t\t\t\t<section class=\"elementor-section elementor-top-section elementor-element elementor-element-10a8f46 elementor-section-boxed elementor-section-height-default elementor-section-height-default\" data-id=\"10a8f46\" data-element_type=\"section\" data-e-type=\"section\">\n\t\t\t\t\t\t<div class=\"elementor-container elementor-column-gap-default\">\n\t\t\t\t\t<div class=\"elementor-column elementor-col-100 elementor-top-column elementor-element elementor-element-894fd5c\" data-id=\"894fd5c\" data-element_type=\"column\" data-e-type=\"column\">\n\t\t\t<div class=\"elementor-widget-wrap elementor-element-populated\">\n\t\t\t\t\t\t<div class=\"elementor-element elementor-element-5806364 elementor-tablet-align-center elementor-align-left elementor-mobile-align-center elementor-invisible elementor-widget elementor-widget-button\" data-id=\"5806364\" data-element_type=\"widget\" data-e-type=\"widget\" data-settings=\"{&quot;_animation&quot;:&quot;fadeIn&quot;,&quot;_animation_delay&quot;:400}\" data-widget_type=\"button.default\">\n\t\t\t\t<div class=\"elementor-widget-container\">\n\t\t\t\t\t\t\t\t\t<div class=\"elementor-button-wrapper\">\n\t\t\t\t\t<a class=\"elementor-button elementor-button-link elementor-size-md elementor-animation-float\" href=\"https:\/\/www.cvjm-stederdorf.de#programm\">\n\t\t\t\t\t\t<span class=\"elementor-button-content-wrapper\">\n\t\t\t\t\t\t\t\t\t<span class=\"elementor-button-text\">zur\u00fcck<\/span>\n\t\t\t\t\t<\/span>\n\t\t\t\t\t<\/a>\n\t\t\t\t<\/div>\n\t\t\t\t\t\t\t\t<\/div>\n\t\t\t\t<\/div>\n\t\t\t\t<div class=\"elementor-element elementor-element-3fd4968 elementor-widget elementor-widget-heading\" data-id=\"3fd4968\" data-element_type=\"widget\" data-e-type=\"widget\" data-widget_type=\"heading.default\">\n\t\t\t\t<div class=\"elementor-widget-container\">\n\t\t\t\t\t<h2 class=\"elementor-heading-title elementor-size-default\">Freizeitbedingungen<\/h2>\t\t\t\t<\/div>\n\t\t\t\t<\/div>\n\t\t\t\t\t<\/div>\n\t\t<\/div>\n\t\t\t\t\t<\/div>\n\t\t<\/section>\n\t\t\t\t<section class=\"elementor-section elementor-top-section elementor-element elementor-element-b182992 elementor-section-boxed elementor-section-height-default elementor-section-height-default\" data-id=\"b182992\" data-element_type=\"section\" data-e-type=\"section\">\n\t\t\t\t\t\t<div class=\"elementor-container elementor-column-gap-default\">\n\t\t\t\t\t<div class=\"elementor-column elementor-col-100 elementor-top-column elementor-element elementor-element-c8a669f\" data-id=\"c8a669f\" data-element_type=\"column\" data-e-type=\"column\">\n\t\t\t<div class=\"elementor-widget-wrap elementor-element-populated\">\n\t\t\t\t\t\t<div class=\"elementor-element elementor-element-68dd61e elementor-widget elementor-widget-text-editor\" data-id=\"68dd61e\" data-element_type=\"widget\" data-e-type=\"widget\" data-widget_type=\"text-editor.default\">\n\t\t\t\t<div class=\"elementor-widget-container\">\n\t\t\t\t\t\t\t\t\t<p><strong>Anmeldung:<\/strong><br>Die Anmeldung ist schriftlich abzugeben und ist von dem\/der Teilnehmenden sowie den Erziehungsberechtigten zu unterschreiben. Die Teilnahme an der Freizeit erfolgt, sofern in der Ausschreibung nicht anders angegeben, in der Reihenfolge des Eingangs der Anmeldungen. Eine Anmeldebest\u00e4tigung bzw. Absage wird zugesandt.<\/p>\n<p><strong>Teilnahmebeitrag:<\/strong><br>Der Teilnahmebeitrag umfasst, wenn nicht anders in der Ausschreibung vermerkt, alle Ausgaben in Bezug auf Fahrt, Unterkunft, Verpflegung und div. Nebenkosten. Dinge des pers\u00f6nlichen Bedarfs, z.B.: Getr\u00e4nke, S\u00fc\u00dfigkeiten, Souvenirs, zus\u00e4tzliche Eintrittsgelder sind vom Taschengeld zu bezahlen. In sozialen H\u00e4rtef\u00e4llen kann der Teilnahmebeitrag reduziert werden.<\/p>\n<p><strong>Anzahlung:<\/strong><br>Nach Erhalt der Anmeldebest\u00e4tigung ist eine Anzahlung von 50\u20ac innerhalb von zwei Wochen zu \u00fcberweisen.<\/p>\n<p><strong>R\u00fccknahme der Anmeldung:<\/strong><br>Bei zur\u00fcckgenommenen Anmeldungen bis einen Monat vor Freizeitbeginn wird die Anzahlung einbehalten. Bei sp\u00e4teren Abmeldungen werden die entstandenen Ausfallkosten berechnet. Beides entf\u00e4llt, wenn eine andere Person nachr\u00fcckt. In diesen F\u00e4llen wird lediglich eine Bearbeitungsgeb\u00fchr von 20,00 Euro einbehalten.<\/p>\n<p><strong>Absage einer Ma\u00dfnahme:<\/strong><br>Wenn eine Freizeit oder ein Seminar aufgrund mangelnder Beteiligung oder wegen h\u00f6herer Gewalt ausfallen muss, \u00fcbernimmt der Veranstalter keine Kosten, die \u00fcber die R\u00fcckzahlung des Teilnahmebeitrags hinausgehen.<\/p>\n<p><strong>Freizeitordnung:<\/strong><br>Wer sich anmeldet, erkl\u00e4rt damit die Bereitschaft, sich in die Gemeinschaft der Freizeitteilnehmenden einzuordnen. Bei groben Verst\u00f6\u00dfen gegen die Freizeitordnung ist die Leitung berechtigt, den Teilnehmer\/ die Teilnehmerin auf eigene Kosten nach Hause zu schicken. Den Teilnehmenden steht, innerhalb der Freizeit, nach verantwortlicher Entscheidung der Leitung und im Rahmen der Jugendschutzgesetzgebung, freie Zeit zur eigenen Gestaltung zur Verf\u00fcgung, in der von der Leitung keine aktive Aufsicht noch Haftpflicht \u00fcbernommen werden. Die passive Aufsichtspflicht bleibt hiervon unber\u00fchrt.<\/p>\n<p><strong>Versicherungen:<\/strong><br>Die Teilnehmenden sind w\u00e4hrend der Freizeit durch die Ev.-luth. Landeskirche haftpflicht-und unfallversichert.<\/p>\n<p><strong>Fotos:<\/strong><br>Mit der Anmeldung erkl\u00e4ren sich Teilnehmende und Erziehungsberechtige damit einverstanden, dass die auf der Freizeit entstandenen Fotos vervielf\u00e4ltigt und den Teilnehmenden \u00fcberlassen werden k\u00f6nnen bzw. dass sie f\u00fcr CVJM- Publikationen eingesetzt werden d\u00fcrfen. Rechtzeitig vor Freizeitbeginn wird ein Informationsbrief mit n\u00e4heren Einzelheiten verschickt, bzw. zu einem Informationstreffen eingeladen.<\/p>\t\t\t\t\t\t\t\t<\/div>\n\t\t\t\t<\/div>\n\t\t\t\t\t<\/div>\n\t\t<\/div>\n\t\t\t\t\t<\/div>\n\t\t<\/section>\n\t\t\t\t<\/div>\n\t\t","protected":false},"excerpt":{"rendered":"<p>zur\u00fcck Freizeitbedingungen Anmeldung:Die Anmeldung ist schriftlich abzugeben und ist von dem\/der Teilnehmenden sowie den Erziehungsberechtigten zu unterschreiben. Die Teilnahme an der Freizeit erfolgt, sofern in der Ausschreibung nicht anders angegeben, in der Reihenfolge des Eingangs der Anmeldungen. Eine Anmeldebest\u00e4tigung bzw. Absage wird zugesandt. Teilnahmebeitrag:Der Teilnahmebeitrag umfasst, wenn nicht anders in der Ausschreibung vermerkt, alle Ausgaben [&hellip;]<\/p>\n","protected":false},"author":3,"featured_media":0,"parent":0,"menu_order":0,"comment_status":"closed","ping_status":"closed","template":"elementor_canvas","meta":{"inline_featured_image":false,"site-sidebar-layout":"default","site-content-layout":"","ast-site-content-layout":"default","site-content-style":"default","site-sidebar-style":"default","ast-global-header-display":"","ast-banner-title-visibility":"","ast-main-header-display":"","ast-hfb-above-header-display":"","ast-hfb-below-header-display":"","ast-hfb-mobile-header-display":"","site-post-title":"","ast-breadcrumbs-content":"","ast-featured-img":"","footer-sml-layout":"","ast-disable-related-posts":"","theme-transparent-header-meta":"","adv-header-id-meta":"","stick-header-meta":"","header-above-stick-meta":"","header-main-stick-meta":"","header-below-stick-meta":"","astra-migrate-meta-layouts":"default","ast-page-background-enabled":"default","ast-page-background-meta":{"desktop":{"background-color":"var(--ast-global-color-4)","background-image":"","background-repeat":"repeat","background-position":"center center","background-size":"auto","background-attachment":"scroll","background-type":"","background-media":"","overlay-type":"","overlay-color":"","overlay-opacity":"","overlay-gradient":""},"tablet":{"background-color":"","background-image":"","background-repeat":"repeat","background-position":"center center","background-size":"auto","background-attachment":"scroll","background-type":"","background-media":"","overlay-type":"","overlay-color":"","overlay-opacity":"","overlay-gradient":""},"mobile":{"background-color":"","background-image":"","background-repeat":"repeat","background-position":"center center","background-size":"auto","background-attachment":"scroll","background-type":"","background-media":"","overlay-type":"","overlay-color":"","overlay-opacity":"","overlay-gradient":""}},"ast-content-background-meta":{"desktop":{"background-color":"var(--ast-global-color-5)","background-image":"","background-repeat":"repeat","background-position":"center center","background-size":"auto","background-attachment":"scroll","background-type":"","background-media":"","overlay-type":"","overlay-color":"","overlay-opacity":"","overlay-gradient":""},"tablet":{"background-color":"var(--ast-global-color-5)","background-image":"","background-repeat":"repeat","background-position":"center center","background-size":"auto","background-attachment":"scroll","background-type":"","background-media":"","overlay-type":"","overlay-color":"","overlay-opacity":"","overlay-gradient":""},"mobile":{"background-color":"var(--ast-global-color-5)","background-image":"","background-repeat":"repeat","background-position":"center center","background-size":"auto","background-attachment":"scroll","background-type":"","background-media":"","overlay-type":"","overlay-color":"","overlay-opacity":"","overlay-gradient":""}},"footnotes":""},"class_list":["post-2676","page","type-page","status-publish","hentry"],"_links":{"self":[{"href":"https:\/\/www.cvjm-stederdorf.de\/index.php?rest_route=\/wp\/v2\/pages\/2676","targetHints":{"allow":["GET"]}}],"collection":[{"href":"https:\/\/www.cvjm-stederdorf.de\/index.php?rest_route=\/wp\/v2\/pages"}],"about":[{"href":"https:\/\/www.cvjm-stederdorf.de\/index.php?rest_route=\/wp\/v2\/types\/page"}],"author":[{"embeddable":true,"href":"https:\/\/www.cvjm-stederdorf.de\/index.php?rest_route=\/wp\/v2\/users\/3"}],"replies":[{"embeddable":true,"href":"https:\/\/www.cvjm-stederdorf.de\/index.php?rest_route=%2Fwp%2Fv2%2Fcomments&post=2676"}],"version-history":[{"count":6,"href":"https:\/\/www.cvjm-stederdorf.de\/index.php?rest_route=\/wp\/v2\/pages\/2676\/revisions"}],"predecessor-version":[{"id":4184,"href":"https:\/\/www.cvjm-stederdorf.de\/index.php?rest_route=\/wp\/v2\/pages\/2676\/revisions\/4184"}],"wp:attachment":[{"href":"https:\/\/www.cvjm-stederdorf.de\/index.php?rest_route=%2Fwp%2Fv2%2Fmedia&parent=2676"}],"curies":[{"name":"wp","href":"https:\/\/api.w.org\/{rel}","templated":true}]}}